{"id":495,"date":"2016-10-13T03:50:04","date_gmt":"2016-10-13T03:50:04","guid":{"rendered":"http:\/\/localhost\/dotted\/?page_id=495"},"modified":"2025-01-21T19:33:00","modified_gmt":"2025-01-21T19:33:00","slug":"bb-trieste-affitta-camere-lusso-chi-siamo","status":"publish","type":"page","link":"https:\/\/www.bbtrieste.com\/index.php\/bb-trieste-affitta-camere-lusso-chi-siamo\/","title":{"rendered":"BB TRIESTE AFFITTA CAMERE LUSSO CHI SIAMO"},"content":{"rendered":"<p>[vc_row][vc_column offset=&#8221;vc_col-md-5&#8243;][vc_single_image image=&#8221;1207&#8243; img_size=&#8221;full&#8221; css=&#8221;.vc_custom_1560864103863{margin-bottom: 20px !important;}&#8221;][\/vc_column][vc_column offset=&#8221;vc_col-md-7&#8243;][vc_custom_heading text=&#8221;Bed &amp; Breakfast Trieste&#8221; font_container=&#8221;tag:h3|text_align:left&#8221; use_theme_fonts=&#8221;yes&#8221; css=&#8221;.vc_custom_1560864137266{margin-bottom: 20px !important;}&#8221;][vc_column_text css=&#8221;.vc_custom_1560864126010{margin-bottom: 20px !important;}&#8221;]Il B&amp;B Porto Vecchio si trova nel cuore di Trieste, vicinissimo alla stazione centrale e a tutti i luoghi di interesse della citt\u00e0. La struttura \u00e8 dotata di camere sia singole che doppie, tutte con bagno privato e arredamento di qualit\u00e0, semplice ma funzionale. Il cambio di biancheria da letto e da bagno viene effettuato ogni giorno, cos\u00ec da garantire il massimo della pulizia alle stanze dei clienti. Presso il B&amp;B Porto Vecchio l\u2019accoglienza \u00e8 un vero e proprio culto: infatti il cliente viene sempre coccolato e ogni sua richiesta viene accolta in pieno, per garantire sempre il massimo del comfort[\/vc_column_text]\n    <a class=\"ot-btn  btn-rounded btn-main-color\" href=\"https:\/\/www.bbtrieste.com\/index.php\/virtual-tour\/\" target=\"_self\">VIRTUAL TOUR <i class=\"fa fa-chevron-circle-right\"><\/i><\/a>  \t\n[\/vc_column][\/vc_row]<\/p>\n","protected":false},"excerpt":{"rendered":"<p>[vc_row][vc_column offset=&#8221;vc_col-md-5&#8243;][vc_single_image image=&#8221;1207&#8243; img_size=&#8221;full&#8221; css=&#8221;.vc_custom_1560864103863{margin-bottom: 20px !important;}&#8221;][\/vc_column][vc_column offset=&#8221;vc_col-md-7&#8243;][vc_custom_heading text=&#8221;Bed &amp; Breakfast Trieste&#8221; font_container=&#8221;tag:h3|text_align:left&#8221; use_theme_fonts=&#8221;yes&#8221; css=&#8221;.vc_custom_1560864137266{margin-bottom: 20px !important;}&#8221;][vc_column_text css=&#8221;.vc_custom_1560864126010{margin-bottom: 20px !important;}&#8221;]Il B&amp;B Porto Vecchio si trova nel cuore di Trieste, vicinissimo alla stazione centrale e a tutti i luoghi di interesse della citt\u00e0. La struttura \u00e8 dotata di camere sia singole che doppie, tutte con bagno [&hellip;]<\/p>\n","protected":false},"author":1,"featured_media":0,"parent":0,"menu_order":0,"comment_status":"closed","ping_status":"closed","template":"page-templates\/template-fullwidth.php","meta":{"footnotes":""},"class_list":["post-495","page","type-page","status-publish","hentry"],"yoast_head":"<!-- This site is optimized with the Yoast SEO plugin v24.9 - https:\/\/yoast.com\/wordpress\/plugins\/seo\/ -->\n<title>BB TRIESTE AFFITTA CAMERE LUSSO CHI SIAMO - BB TRIESTE AFFITTA CAMERE LUSSO<\/title>\n<meta name=\"robots\" content=\"index, follow, max-snippet:-1, max-image-preview:large, max-video-preview:-1\" \/>\n<link rel=\"canonical\" href=\"https:\/\/www.bbtrieste.com\/index.php\/bb-trieste-affitta-camere-lusso-chi-siamo\/\" \/>\n<meta property=\"og:locale\" content=\"it_IT\" \/>\n<meta property=\"og:type\" content=\"article\" \/>\n<meta property=\"og:title\" content=\"BB TRIESTE AFFITTA CAMERE LUSSO CHI SIAMO - BB TRIESTE AFFITTA CAMERE LUSSO\" \/>\n<meta property=\"og:description\" content=\"[vc_row][vc_column offset=&#8221;vc_col-md-5&#8243;][vc_single_image image=&#8221;1207&#8243; img_size=&#8221;full&#8221; css=&#8221;.vc_custom_1560864103863{margin-bottom: 20px !important;}&#8221;][\/vc_column][vc_column offset=&#8221;vc_col-md-7&#8243;][vc_custom_heading text=&#8221;Bed &amp; Breakfast Trieste&#8221; font_container=&#8221;tag:h3|text_align:left&#8221; use_theme_fonts=&#8221;yes&#8221; css=&#8221;.vc_custom_1560864137266{margin-bottom: 20px !important;}&#8221;][vc_column_text css=&#8221;.vc_custom_1560864126010{margin-bottom: 20px !important;}&#8221;]Il B&amp;B Porto Vecchio si trova nel cuore di Trieste, vicinissimo alla stazione centrale e a tutti i luoghi di interesse della citt\u00e0. La struttura \u00e8 dotata di camere sia singole che doppie, tutte con bagno [&hellip;]\" \/>\n<meta property=\"og:url\" content=\"https:\/\/www.bbtrieste.com\/index.php\/bb-trieste-affitta-camere-lusso-chi-siamo\/\" \/>\n<meta property=\"og:site_name\" content=\"BB TRIESTE AFFITTA CAMERE LUSSO\" \/>\n<meta property=\"article:modified_time\" content=\"2025-01-21T19:33:00+00:00\" \/>\n<meta name=\"twitter:card\" content=\"summary_large_image\" \/>\n<meta name=\"twitter:label1\" content=\"Tempo di lettura stimato\" \/>\n\t<meta name=\"twitter:data1\" content=\"1 minuto\" \/>\n<script type=\"application\/ld+json\" class=\"yoast-schema-graph\">{\"@context\":\"https:\/\/schema.org\",\"@graph\":[{\"@type\":\"WebPage\",\"@id\":\"https:\/\/www.bbtrieste.com\/index.php\/bb-trieste-affitta-camere-lusso-chi-siamo\/\",\"url\":\"https:\/\/www.bbtrieste.com\/index.php\/bb-trieste-affitta-camere-lusso-chi-siamo\/\",\"name\":\"BB TRIESTE AFFITTA CAMERE LUSSO CHI SIAMO - BB TRIESTE AFFITTA CAMERE LUSSO\",\"isPartOf\":{\"@id\":\"https:\/\/www.bbtrieste.com\/#website\"},\"datePublished\":\"2016-10-13T03:50:04+00:00\",\"dateModified\":\"2025-01-21T19:33:00+00:00\",\"breadcrumb\":{\"@id\":\"https:\/\/www.bbtrieste.com\/index.php\/bb-trieste-affitta-camere-lusso-chi-siamo\/#breadcrumb\"},\"inLanguage\":\"it-IT\",\"potentialAction\":[{\"@type\":\"ReadAction\",\"target\":[\"https:\/\/www.bbtrieste.com\/index.php\/bb-trieste-affitta-camere-lusso-chi-siamo\/\"]}]},{\"@type\":\"BreadcrumbList\",\"@id\":\"https:\/\/www.bbtrieste.com\/index.php\/bb-trieste-affitta-camere-lusso-chi-siamo\/#breadcrumb\",\"itemListElement\":[{\"@type\":\"ListItem\",\"position\":1,\"name\":\"Home\",\"item\":\"https:\/\/www.bbtrieste.com\/\"},{\"@type\":\"ListItem\",\"position\":2,\"name\":\"BB TRIESTE AFFITTA CAMERE LUSSO CHI SIAMO\"}]},{\"@type\":\"WebSite\",\"@id\":\"https:\/\/www.bbtrieste.com\/#website\",\"url\":\"https:\/\/www.bbtrieste.com\/\",\"name\":\"BB TRIESTE AFFITTA CAMERE LUSSO\",\"description\":\"BB TRIESTE AFFITTA CAMERE LUSSO\",\"potentialAction\":[{\"@type\":\"SearchAction\",\"target\":{\"@type\":\"EntryPoint\",\"urlTemplate\":\"https:\/\/www.bbtrieste.com\/?s={search_term_string}\"},\"query-input\":{\"@type\":\"PropertyValueSpecification\",\"valueRequired\":true,\"valueName\":\"search_term_string\"}}],\"inLanguage\":\"it-IT\"}]}<\/script>\n<!-- \/ Yoast SEO plugin. -->","yoast_head_json":{"title":"BB TRIESTE AFFITTA CAMERE LUSSO CHI SIAMO - BB TRIESTE AFFITTA CAMERE LUSSO","robots":{"index":"index","follow":"follow","max-snippet":"max-snippet:-1","max-image-preview":"max-image-preview:large","max-video-preview":"max-video-preview:-1"},"canonical":"https:\/\/www.bbtrieste.com\/index.php\/bb-trieste-affitta-camere-lusso-chi-siamo\/","og_locale":"it_IT","og_type":"article","og_title":"BB TRIESTE AFFITTA CAMERE LUSSO CHI SIAMO - BB TRIESTE AFFITTA CAMERE LUSSO","og_description":"[vc_row][vc_column offset=&#8221;vc_col-md-5&#8243;][vc_single_image image=&#8221;1207&#8243; img_size=&#8221;full&#8221; css=&#8221;.vc_custom_1560864103863{margin-bottom: 20px !important;}&#8221;][\/vc_column][vc_column offset=&#8221;vc_col-md-7&#8243;][vc_custom_heading text=&#8221;Bed &amp; Breakfast Trieste&#8221; font_container=&#8221;tag:h3|text_align:left&#8221; use_theme_fonts=&#8221;yes&#8221; css=&#8221;.vc_custom_1560864137266{margin-bottom: 20px !important;}&#8221;][vc_column_text css=&#8221;.vc_custom_1560864126010{margin-bottom: 20px !important;}&#8221;]Il B&amp;B Porto Vecchio si trova nel cuore di Trieste, vicinissimo alla stazione centrale e a tutti i luoghi di interesse della citt\u00e0. La struttura \u00e8 dotata di camere sia singole che doppie, tutte con bagno [&hellip;]","og_url":"https:\/\/www.bbtrieste.com\/index.php\/bb-trieste-affitta-camere-lusso-chi-siamo\/","og_site_name":"BB TRIESTE AFFITTA CAMERE LUSSO","article_modified_time":"2025-01-21T19:33:00+00:00","twitter_card":"summary_large_image","twitter_misc":{"Tempo di lettura stimato":"1 minuto"},"schema":{"@context":"https:\/\/schema.org","@graph":[{"@type":"WebPage","@id":"https:\/\/www.bbtrieste.com\/index.php\/bb-trieste-affitta-camere-lusso-chi-siamo\/","url":"https:\/\/www.bbtrieste.com\/index.php\/bb-trieste-affitta-camere-lusso-chi-siamo\/","name":"BB TRIESTE AFFITTA CAMERE LUSSO CHI SIAMO - BB TRIESTE AFFITTA CAMERE LUSSO","isPartOf":{"@id":"https:\/\/www.bbtrieste.com\/#website"},"datePublished":"2016-10-13T03:50:04+00:00","dateModified":"2025-01-21T19:33:00+00:00","breadcrumb":{"@id":"https:\/\/www.bbtrieste.com\/index.php\/bb-trieste-affitta-camere-lusso-chi-siamo\/#breadcrumb"},"inLanguage":"it-IT","potentialAction":[{"@type":"ReadAction","target":["https:\/\/www.bbtrieste.com\/index.php\/bb-trieste-affitta-camere-lusso-chi-siamo\/"]}]},{"@type":"BreadcrumbList","@id":"https:\/\/www.bbtrieste.com\/index.php\/bb-trieste-affitta-camere-lusso-chi-siamo\/#breadcrumb","itemListElement":[{"@type":"ListItem","position":1,"name":"Home","item":"https:\/\/www.bbtrieste.com\/"},{"@type":"ListItem","position":2,"name":"BB TRIESTE AFFITTA CAMERE LUSSO CHI SIAMO"}]},{"@type":"WebSite","@id":"https:\/\/www.bbtrieste.com\/#website","url":"https:\/\/www.bbtrieste.com\/","name":"BB TRIESTE AFFITTA CAMERE LUSSO","description":"BB TRIESTE AFFITTA CAMERE LUSSO","potentialAction":[{"@type":"SearchAction","target":{"@type":"EntryPoint","urlTemplate":"https:\/\/www.bbtrieste.com\/?s={search_term_string}"},"query-input":{"@type":"PropertyValueSpecification","valueRequired":true,"valueName":"search_term_string"}}],"inLanguage":"it-IT"}]}},"_links":{"self":[{"href":"https:\/\/www.bbtrieste.com\/index.php\/wp-json\/wp\/v2\/pages\/495","targetHints":{"allow":["GET"]}}],"collection":[{"href":"https:\/\/www.bbtrieste.com\/index.php\/wp-json\/wp\/v2\/pages"}],"about":[{"href":"https:\/\/www.bbtrieste.com\/index.php\/wp-json\/wp\/v2\/types\/page"}],"author":[{"embeddable":true,"href":"https:\/\/www.bbtrieste.com\/index.php\/wp-json\/wp\/v2\/users\/1"}],"replies":[{"embeddable":true,"href":"https:\/\/www.bbtrieste.com\/index.php\/wp-json\/wp\/v2\/comments?post=495"}],"version-history":[{"count":4,"href":"https:\/\/www.bbtrieste.com\/index.php\/wp-json\/wp\/v2\/pages\/495\/revisions"}],"predecessor-version":[{"id":1406,"href":"https:\/\/www.bbtrieste.com\/index.php\/wp-json\/wp\/v2\/pages\/495\/revisions\/1406"}],"wp:attachment":[{"href":"https:\/\/www.bbtrieste.com\/index.php\/wp-json\/wp\/v2\/media?parent=495"}],"curies":[{"name":"wp","href":"https:\/\/api.w.org\/{rel}","templated":true}]}}